{"id":1468,"date":"2024-02-27T11:09:07","date_gmt":"2024-02-27T10:09:07","guid":{"rendered":"https:\/\/traciatattoo.es\/?page_id=1468"},"modified":"2025-11-27T09:48:13","modified_gmt":"2025-11-27T08:48:13","slug":"telefono","status":"publish","type":"page","link":"https:\/\/traciatattoo.es\/en\/telefono\/","title":{"rendered":"Tel\u00e9fono"},"content":{"rendered":"\t\t<div data-elementor-type=\"wp-page\" data-elementor-id=\"1468\" data-post-id=\"1468\" data-obj-id=\"1468\" class=\"elementor elementor-1468 dce-elementor-post-1468\">\n\t\t\t\t\t\t<section class=\"elementor-section elementor-top-section elementor-element elementor-element-760f2a8 elementor-section-boxed elementor-section-height-default elementor-section-height-default\" data-id=\"760f2a8\" data-element_type=\"section\">\n\t\t\t\t\t\t<div class=\"elementor-container elementor-column-gap-default\">\n\t\t\t\t\t<div class=\"elementor-column elementor-col-100 elementor-top-column elementor-element elementor-element-0911017\" data-id=\"0911017\" data-element_type=\"column\">\n\t\t\t<div class=\"elementor-widget-wrap elementor-element-populated\">\n\t\t\t\t\t\t<div class=\"elementor-element elementor-element-7242038 elementor-widget elementor-widget-heading\" data-id=\"7242038\" data-element_type=\"widget\" data-widget_type=\"heading.default\">\n\t\t\t\t\t<h1 class=\"elementor-heading-title elementor-size-default\">Tel\u00e9fono<\/h1>\t\t\t\t<\/div>\n\t\t\t\t<div class=\"elementor-element elementor-element-44b7aa5 elementor-widget elementor-widget-heading\" data-id=\"44b7aa5\" data-element_type=\"widget\" data-widget_type=\"heading.default\">\n\t\t\t\t\t<h2 class=\"elementor-heading-title elementor-size-default\">+34 691 368 112<\/h2>\t\t\t\t<\/div>\n\t\t\t\t<div class=\"elementor-element elementor-element-4643cb7 elementor-widget elementor-widget-heading\" data-id=\"4643cb7\" data-element_type=\"widget\" data-widget_type=\"heading.default\">\n\t\t\t\t\t<h3 class=\"elementor-heading-title elementor-size-default\">Horario: \nLunes a s\u00e1bado, de 10:30 a 20:00<\/h3>\t\t\t\t<\/div>\n\t\t\t\t\t<\/div>\n\t\t<\/div>\n\t\t\t\t\t<\/div>\n\t\t<\/section>\n\t\t\t\t<section class=\"elementor-section elementor-top-section elementor-element elementor-element-2b51d9a elementor-section-boxed elementor-section-height-default elementor-section-height-default\" data-id=\"2b51d9a\" data-element_type=\"section\">\n\t\t\t\t\t\t<div class=\"elementor-container elementor-column-gap-default\">\n\t\t\t\t\t<div class=\"elementor-column elementor-col-100 elementor-top-column elementor-element elementor-element-05f8fad\" data-id=\"05f8fad\" data-element_type=\"column\">\n\t\t\t<div class=\"elementor-widget-wrap elementor-element-populated\">\n\t\t\t\t\t\t<div class=\"elementor-element elementor-element-1f56a28 elementor-widget elementor-widget-heading\" data-id=\"1f56a28\" data-element_type=\"widget\" data-widget_type=\"heading.default\">\n\t\t\t\t\t<h2 class=\"elementor-heading-title elementor-size-default\">\u00bfPrefieres que te llamemos nosotros?<\/h2>\t\t\t\t<\/div>\n\t\t\t\t<div class=\"elementor-element elementor-element-7b8cd8d elementor-button-align-center elementor-widget__width-initial elementor-widget-mobile__width-inherit elementor-widget-tablet__width-initial elementor-mobile-button-align-stretch elementor-invisible elementor-widget elementor-widget-form\" data-id=\"7b8cd8d\" data-element_type=\"widget\" data-settings=\"{&quot;step_next_label&quot;:&quot;Next&quot;,&quot;step_previous_label&quot;:&quot;Previous&quot;,&quot;_animation&quot;:&quot;fadeInUp&quot;,&quot;button_width&quot;:&quot;100&quot;,&quot;dce_confirm_dialog_enabled&quot;:&quot;no&quot;,&quot;step_type&quot;:&quot;number_text&quot;,&quot;step_icon_shape&quot;:&quot;circle&quot;,&quot;label_icon_size&quot;:{&quot;unit&quot;:&quot;px&quot;,&quot;size&quot;:&quot;&quot;,&quot;sizes&quot;:[]},&quot;field_icon_size&quot;:{&quot;unit&quot;:&quot;px&quot;,&quot;size&quot;:&quot;&quot;,&quot;sizes&quot;:[]}}\" data-widget_type=\"form.default\">\n\t\t\t\t<div class=\"elementor-widget-container\">\n\t\t\t\t\t\t\t<form class=\"elementor-form\" method=\"post\" id=\"form_citas\" name=\"Formulario de cita\">\n\t\t\t<input type=\"hidden\" name=\"post_id\" value=\"1468\"\/>\n\t\t\t<input type=\"hidden\" name=\"form_id\" value=\"7b8cd8d\"\/>\n\t\t\t<input type=\"hidden\" name=\"referer_title\" value=\"Tracia Tattoo Studio\" \/>\n\n\t\t\t\n\t\t\t<div class=\"elementor-form-fields-wrapper elementor-labels-\">\n\t\t\t\t\t\t\t\t<div class=\"elementor-field-type-text elementor-field-group elementor-column elementor-field-group-name elementor-col-100 elementor-field-required\">\n\t\t\t\t\t\t\t\t\t\t\t\t<label for=\"form-field-name\" class=\"elementor-field-label elementor-screen-only\">\n\t\t\t\t\t\t\t\tNombre\t\t\t\t\t\t\t<\/label>\n\t\t\t\t\t\t\t\t\t\t\t\t\t\t<input size=\"1\" type=\"text\" name=\"form_fields[name]\" id=\"form-field-name\" class=\"elementor-field elementor-size-sm  elementor-field-textual\" placeholder=\"Nombre y apellidos\" required=\"required\" aria-required=\"true\">\n\t\t\t\t\t\t\t\t\t\t\t<\/div>\n\t\t\t\t\t\t\t\t<div class=\"elementor-field-type-tel elementor-field-group elementor-column elementor-field-group-field_abfd104 elementor-col-100 elementor-field-required\">\n\t\t\t\t\t\t\t\t\t\t\t\t<label for=\"form-field-field_abfd104\" class=\"elementor-field-label elementor-screen-only\">\n\t\t\t\t\t\t\t\tTel\u00e9fono de contacto\t\t\t\t\t\t\t<\/label>\n\t\t\t\t\t\t\t\t<input size=\"1\" type=\"tel\" name=\"form_fields[field_abfd104]\" id=\"form-field-field_abfd104\" class=\"elementor-field elementor-size-sm  elementor-field-textual\" placeholder=\"Tel\u00e9fono de contacto\" required=\"required\" aria-required=\"true\" pattern=\"[0-9()#&amp;+*-=.]+\" title=\"Only numbers and phone characters (#, -, *, etc) are accepted.\">\n\n\t\t\t\t\t\t<\/div>\n\t\t\t\t\t\t\t\t<div class=\"elementor-field-type-select elementor-field-group elementor-column elementor-field-group-tipo_trabajo elementor-col-100 elementor-field-required\">\n\t\t\t\t\t\t\t\t\t\t\t\t<label for=\"form-field-tipo_trabajo\" class=\"elementor-field-label elementor-screen-only\">\n\t\t\t\t\t\t\t\t\u00bfA qu\u00e9 hora podemos llamarte?\t\t\t\t\t\t\t<\/label>\n\t\t\t\t\t\t\t\t<div class=\"elementor-field elementor-select-wrapper \">\n\t\t\t<select name=\"form_fields[tipo_trabajo]\" id=\"form-field-tipo_trabajo\" class=\"elementor-field-textual elementor-size-sm\" required=\"required\" aria-required=\"true\">\n\t\t\t\t\t\t\t\t\t<option value=\"\u00bfA qu\u00e9 hora podemos llamarte?\">\u00bfA qu\u00e9 hora podemos llamarte?<\/option>\n\t\t\t\t\t\t\t\t\t<option value=\"Ma\u00f1ana \">Ma\u00f1ana <\/option>\n\t\t\t\t\t\t\t\t\t<option value=\"Tarde\">Tarde<\/option>\n\t\t\t\t\t\t\t<\/select>\n\t\t<\/div>\n\t\t\t\t\t\t<\/div>\n\t\t\t\t\t\t\t\t<div class=\"elementor-field-type-acceptance elementor-field-group elementor-column elementor-field-group-aceptacion elementor-col-100 elementor-field-required\">\n\t\t\t\t\t\t\t\t\t\t\t\t<label for=\"form-field-aceptacion\" class=\"elementor-field-label elementor-screen-only\">\n\t\t\t\t\t\t\t\tAcepto\t\t\t\t\t\t\t<\/label>\n\t\t\t\t\t\t\t\t<div class=\"elementor-field-subgroup\">\n\t\t\t<span class=\"elementor-field-option\">\n\t\t\t\t<input type=\"checkbox\" name=\"form_fields[aceptacion]\" id=\"form-field-aceptacion\" class=\"elementor-field elementor-size-sm  elementor-acceptance-field\" required=\"required\" aria-required=\"true\">\n\t\t\t\t<label for=\"form-field-aceptacion\">He le\u00eddo y acepto la <a href=\"https:\/\/traciatattoo.es\/politica-de-privacidad\/\" target=\"_blank\">Pol\u00edtica de Privacidad.<\/label>\t\t\t<\/span>\n\t\t<\/div>\n\t\t\t\t\t\t<\/div>\n\t\t\t\t\t\t\t\t<div class=\"elementor-field-type-recaptcha_v3 elementor-field-group elementor-column elementor-field-group-field_0375c02 elementor-col-100 recaptcha_v3-bottomright\">\n\t\t\t\t\t<div class=\"elementor-field\" id=\"form-field-field_0375c02\"><div class=\"elementor-g-recaptcha\" data-sitekey=\"6LdOwBksAAAAAMSSw5Mu2W3DdkoQDIhXNNyi2QS1\" data-type=\"v3\" data-action=\"Form\" data-badge=\"bottomright\" data-size=\"invisible\"><\/div><\/div>\t\t\t\t<\/div>\n\t\t\t\t\t\t\t\t<div class=\"elementor-field-group elementor-column elementor-field-type-submit elementor-col-100 e-form__buttons\">\n\t\t\t\t\t<button type=\"submit\" class=\"elementor-button elementor-size-sm\" id=\"pedir_cita_home\">\n\t\t\t\t\t\t<span >\n\t\t\t\t\t\t\t\t\t\t\t\t\t\t\t<span class=\" elementor-button-icon\">\n\t\t\t\t\t\t\t\t\t\t\t\t\t\t\t\t\t\t\t\t\t\t\t\t\t\t<\/span>\n\t\t\t\t\t\t\t\t\t\t\t\t\t\t\t\t\t\t\t\t\t\t<span class=\"elementor-button-text\">Enviar<\/span>\n\t\t\t\t\t\t\t\t\t\t\t\t\t<\/span>\n\t\t\t\t\t<\/button>\n\t\t\t\t<\/div>\n\t\t\t<\/div>\n\t\t<\/form>\n\t\t\t\t\t\t<\/div>\n\t\t\t\t<\/div>\n\t\t\t\t\t<\/div>\n\t\t<\/div>\n\t\t\t\t\t<\/div>\n\t\t<\/section>\n\t\t\t\t<\/div>\n\t\t","protected":false},"excerpt":{"rendered":"<p>Tel\u00e9fono +34 691 368 112 Horario: Lunes a s\u00e1bado, de 10:30 a 20:00 \u00bfPrefieres que te llamemos nosotros?<\/p>","protected":false},"author":1,"featured_media":0,"parent":0,"menu_order":0,"comment_status":"closed","ping_status":"closed","template":"","meta":{"footnotes":""},"class_list":["post-1468","page","type-page","status-publish","hentry"],"acf":[],"yoast_head":"<!-- This site is optimized with the Yoast SEO plugin v27.0 - https:\/\/yoast.com\/product\/yoast-seo-wordpress\/ -->\n<title>Tel\u00e9fono - Tracia Tattoo Studio<\/title>\n<meta name=\"robots\" content=\"index, follow, max-snippet:-1, max-image-preview:large, max-video-preview:-1\" \/>\n<link rel=\"canonical\" href=\"https:\/\/traciatattoo.es\/en\/telefono\/\" \/>\n<meta property=\"og:locale\" content=\"en_GB\" \/>\n<meta property=\"og:type\" content=\"article\" \/>\n<meta property=\"og:title\" content=\"Tel\u00e9fono - Tracia Tattoo Studio\" \/>\n<meta property=\"og:description\" content=\"Tel\u00e9fono +34 691 368 112 Horario: Lunes a s\u00e1bado, de 10:30 a 20:00 \u00bfPrefieres que te llamemos nosotros?\" \/>\n<meta property=\"og:url\" content=\"https:\/\/traciatattoo.es\/en\/telefono\/\" \/>\n<meta property=\"og:site_name\" content=\"Tracia Tattoo Studio\" \/>\n<meta property=\"article:modified_time\" content=\"2025-11-27T08:48:13+00:00\" \/>\n<meta name=\"twitter:card\" content=\"summary_large_image\" \/>\n<meta name=\"twitter:label1\" content=\"Estimated reading time\" \/>\n\t<meta name=\"twitter:data1\" content=\"1 minute\" \/>\n<script type=\"application\/ld+json\" class=\"yoast-schema-graph\">{\"@context\":\"https:\/\/schema.org\",\"@graph\":[{\"@type\":\"WebPage\",\"@id\":\"https:\/\/traciatattoo.es\/telefono\/\",\"url\":\"https:\/\/traciatattoo.es\/telefono\/\",\"name\":\"Tel\u00e9fono - Tracia Tattoo Studio\",\"isPartOf\":{\"@id\":\"https:\/\/traciatattoo.es\/#website\"},\"datePublished\":\"2024-02-27T10:09:07+00:00\",\"dateModified\":\"2025-11-27T08:48:13+00:00\",\"breadcrumb\":{\"@id\":\"https:\/\/traciatattoo.es\/telefono\/#breadcrumb\"},\"inLanguage\":\"en-GB\",\"potentialAction\":[{\"@type\":\"ReadAction\",\"target\":[\"https:\/\/traciatattoo.es\/telefono\/\"]}]},{\"@type\":\"BreadcrumbList\",\"@id\":\"https:\/\/traciatattoo.es\/telefono\/#breadcrumb\",\"itemListElement\":[{\"@type\":\"ListItem\",\"position\":1,\"name\":\"Portada\",\"item\":\"https:\/\/traciatattoo.es\/\"},{\"@type\":\"ListItem\",\"position\":2,\"name\":\"Tel\u00e9fono\"}]},{\"@type\":\"WebSite\",\"@id\":\"https:\/\/traciatattoo.es\/#website\",\"url\":\"https:\/\/traciatattoo.es\/\",\"name\":\"Tracia Tattoo Studio\",\"description\":\"Estudio de tatuajes y piercing de Valencia\",\"potentialAction\":[{\"@type\":\"SearchAction\",\"target\":{\"@type\":\"EntryPoint\",\"urlTemplate\":\"https:\/\/traciatattoo.es\/?s={search_term_string}\"},\"query-input\":{\"@type\":\"PropertyValueSpecification\",\"valueRequired\":true,\"valueName\":\"search_term_string\"}}],\"inLanguage\":\"en-GB\"}]}<\/script>\n<!-- \/ Yoast SEO plugin. -->","yoast_head_json":{"title":"Tel\u00e9fono - Tracia Tattoo Studio","robots":{"index":"index","follow":"follow","max-snippet":"max-snippet:-1","max-image-preview":"max-image-preview:large","max-video-preview":"max-video-preview:-1"},"canonical":"https:\/\/traciatattoo.es\/en\/telefono\/","og_locale":"en_GB","og_type":"article","og_title":"Tel\u00e9fono - Tracia Tattoo Studio","og_description":"Tel\u00e9fono +34 691 368 112 Horario: Lunes a s\u00e1bado, de 10:30 a 20:00 \u00bfPrefieres que te llamemos nosotros?","og_url":"https:\/\/traciatattoo.es\/en\/telefono\/","og_site_name":"Tracia Tattoo Studio","article_modified_time":"2025-11-27T08:48:13+00:00","twitter_card":"summary_large_image","twitter_misc":{"Estimated reading time":"1 minute"},"schema":{"@context":"https:\/\/schema.org","@graph":[{"@type":"WebPage","@id":"https:\/\/traciatattoo.es\/telefono\/","url":"https:\/\/traciatattoo.es\/telefono\/","name":"Tel\u00e9fono - Tracia Tattoo Studio","isPartOf":{"@id":"https:\/\/traciatattoo.es\/#website"},"datePublished":"2024-02-27T10:09:07+00:00","dateModified":"2025-11-27T08:48:13+00:00","breadcrumb":{"@id":"https:\/\/traciatattoo.es\/telefono\/#breadcrumb"},"inLanguage":"en-GB","potentialAction":[{"@type":"ReadAction","target":["https:\/\/traciatattoo.es\/telefono\/"]}]},{"@type":"BreadcrumbList","@id":"https:\/\/traciatattoo.es\/telefono\/#breadcrumb","itemListElement":[{"@type":"ListItem","position":1,"name":"Portada","item":"https:\/\/traciatattoo.es\/"},{"@type":"ListItem","position":2,"name":"Tel\u00e9fono"}]},{"@type":"WebSite","@id":"https:\/\/traciatattoo.es\/#website","url":"https:\/\/traciatattoo.es\/","name":"Tracia Tattoo Studio","description":"Estudio de tatuajes y piercing de Valencia","potentialAction":[{"@type":"SearchAction","target":{"@type":"EntryPoint","urlTemplate":"https:\/\/traciatattoo.es\/?s={search_term_string}"},"query-input":{"@type":"PropertyValueSpecification","valueRequired":true,"valueName":"search_term_string"}}],"inLanguage":"en-GB"}]}},"_links":{"self":[{"href":"https:\/\/traciatattoo.es\/en\/wp-json\/wp\/v2\/pages\/1468","targetHints":{"allow":["GET"]}}],"collection":[{"href":"https:\/\/traciatattoo.es\/en\/wp-json\/wp\/v2\/pages"}],"about":[{"href":"https:\/\/traciatattoo.es\/en\/wp-json\/wp\/v2\/types\/page"}],"author":[{"embeddable":true,"href":"https:\/\/traciatattoo.es\/en\/wp-json\/wp\/v2\/users\/1"}],"replies":[{"embeddable":true,"href":"https:\/\/traciatattoo.es\/en\/wp-json\/wp\/v2\/comments?post=1468"}],"version-history":[{"count":3,"href":"https:\/\/traciatattoo.es\/en\/wp-json\/wp\/v2\/pages\/1468\/revisions"}],"predecessor-version":[{"id":7145,"href":"https:\/\/traciatattoo.es\/en\/wp-json\/wp\/v2\/pages\/1468\/revisions\/7145"}],"wp:attachment":[{"href":"https:\/\/traciatattoo.es\/en\/wp-json\/wp\/v2\/media?parent=1468"}],"curies":[{"name":"wp","href":"https:\/\/api.w.org\/{rel}","templated":true}]}}